{"id":43830,"date":"2023-05-29T12:18:14","date_gmt":"2023-05-29T10:18:14","guid":{"rendered":"https:\/\/www.ibizappartamenti.it\/?page_id=43830"},"modified":"2023-05-29T12:18:14","modified_gmt":"2023-05-29T10:18:14","slug":"termini-e-condizioni-appartamenti","status":"publish","type":"page","link":"https:\/\/www.ibizappartamenti.it\/termini-e-condizioni-appartamenti","title":{"rendered":"Termini e condizioni appartamenti"},"content":{"rendered":"<section class=\"l-section wpb_row height_small\"><div class=\"l-section-h i-cf\"><div class=\"g-cols vc_row via_grid cols_1 laptops-cols_inherit tablets-cols_inherit mobiles-cols_1 valign_top type_default stacking_default\"><div class=\"wpb_column vc_column_container\"><div class=\"vc_column-inner\"><h1 class=\"w-post-elm post_title entry-title color_link_inherit\">Termini e condizioni appartamenti<\/h1><\/div><\/div><\/div><\/div><\/section><section class=\"l-section wpb_row height_small\"><div class=\"l-section-h i-cf\"><div class=\"g-cols vc_row via_grid cols_1 laptops-cols_inherit tablets-cols_inherit mobiles-cols_1 valign_top type_default stacking_default\"><div class=\"wpb_column vc_column_container\"><div class=\"vc_column-inner\"><div class=\"wpb_text_column us_custom_1b04de86\"><div class=\"wpb_wrapper\"><ul>\n<li>La propriet\u00e0 dovr\u00e0 essere liberata entro e non oltre il giorno di fine contratto secondo l\u2019orario indicato sul booking confirmation. Per il\u00a0<strong>ritardo sull\u2019orario di riconsegna della propriet\u00e0<\/strong>\u00a0verranno addebitati 100 euro ,una tantum, +20 euro ogni ora o frazione di ora a compensazione della tariffa oraria degli addetti alle pulizie.<\/li>\n<li>L\u2019importo del\u00a0<strong>deposito cauzionale<\/strong>\u00a0a garanzia dell\u2019alloggio \u00e8 indicato sul booking confirmation e per gli appartamenti varia da 300 a 800 euro. Pu\u00f2 essere versato soltanto con le seguenti modalit\u00e0: carta di credito, carta di debito, bancomat, PostePay.<\/li>\n<li>Per confermare un appartamento viene richiesto un anticipo variabile tra il 30 e il 50% che viene\u00a0<strong>trattenuto a titolo di penale in caso cancellazione entro 28 giorni dall&#8217;arrivo, dopo \u00e8 previsto il NO SHOW dell&#8217;intero importo.<\/strong><\/li>\n<li>I\u00a0<strong>servizi extra<\/strong>\u00a0prenotati (traghetto, noleggio auto e scooter) non sono mai rimborsabili.<\/li>\n<li>Saranno a carico del cliente le spese per riparazioni necessarie in seguito ad un \u201cmal uso\u201d, omissione o negligenza nell\u2019utilizzo o la manutenzione di mobilio, accessori, elettrodomestici e utensili presenti nell\u2019appartamento.<\/li>\n<li>Il cliente ha la responsabilit\u00e0 di depositare i rifiuti negli appositi contenitori presenti sulla strada, all\u2019esterno della struttura. Il mancato rispetto di questa norma comporta una sanzione a partire da 50 euro dal deposito cauzionale.<\/li>\n<li>Se la propriet\u00e0 viene lasciata in condizioni di eccessivo disordine o sporcizia (comprendendo in questo senso anche piatti, pentole e posate da lavare) verr\u00e0 richiesto un contributo extra per le spese di pulizia pari a 50 euro.<\/li>\n<li>L\u2019agenzia e la propriet\u00e0 non possono essere considerati responsabili per guasti o irregolarit\u00e0 nell\u2019erogazione di acqua, luce e linea internet, in quanto spesso, tali interruzioni sono effettuate dalle autorit\u00e0 locali per la gestione di lavori di manutenzione o per cause di forza maggiore.<\/li>\n<li>L\u2019immobile non pu\u00f2 essere dedicato a feste private con musica. L\u2019agenzia e la propriet\u00e0 non saranno ritenuti responsabili per interventi o sanzioni erogate a seguito dell\u2019intervento della Polizia locale.<\/li>\n<li>La perdita o la mancata riconsegna di una sola copia delle chiavi comporta la detrazione dal deposito cauzionale dell\u2019importo di 100 euro, somma necessaria al cambio della serratura e relativa manodopera.<\/li>\n<li>E\u2019 vietato cambiare la posizione degli arredi.<\/li>\n<li>E\u2019 assolutamente vietato superare l\u2019occupazione massima consentita indicata nel booking confirmation;<\/li>\n<li>E\u2019 severamente vietato introdurre nell\u2019alloggio animali.<\/li>\n<li>E\u2019 severamente vietato utilizzare gli asciugamani come tappeti per il bagno; tutti gli asciugamani rovinati o irrecuperabili verranno riacquistati con spesa a carico del cliente (20 euro per i grandi e 10 euro per i piccoli).<\/li>\n<li>Nel caso in cui, al momento del controllo dell\u2019appartamento, l\u2019assistente riscontri le lenzuola eccessivamente macchiate o comunque non riutilizzabili verr\u00e0 richiesto il pagamento di 10 euro per ogni lenzuolo singolo e 15 euro per ogni lenzuolo matrimoniale.<\/li>\n<li>Invitiamo i clienti a non lasciare le chiavi nella serratura interna della porta di ingresso perch\u00e9 in tal modo dall\u2019esterno non sar\u00e0 pi\u00f9 possibile aprirla. Il costo della chiamata e le ore di manodopera di un fabbro sar\u00e0 a carico del cliente.<\/li>\n<\/ul>\n<\/div><\/div><\/div><\/div><\/div><\/div><\/section><section class=\"l-section wpb_row height_small\"><div class=\"l-section-h i-cf\"><div class=\"g-cols vc_row via_grid cols_1 laptops-cols_inherit tablets-cols_inherit mobiles-cols_1 valign_top type_default stacking_default\"><div class=\"wpb_column vc_column_container\"><div class=\"vc_column-inner\"><\/div><\/div><\/div><\/div><\/section>\n","protected":false},"excerpt":{"rendered":"<p>Termini e condizioni appartamenti La propriet\u00e0 dovr\u00e0 essere liberata entro e non oltre il giorno di fine contratto secondo l\u2019orario indicato sul booking confirmation. Per il\u00a0ritardo sull\u2019orario di riconsegna della propriet\u00e0\u00a0verranno addebitati 100 euro ,una tantum, +20 euro ogni ora o frazione di ora a compensazione della tariffa oraria degli addetti alle pulizie. L\u2019importo del\u00a0deposito&#8230;<\/p>\n","protected":false},"author":1,"featured_media":0,"parent":0,"menu_order":0,"comment_status":"closed","ping_status":"closed","template":"","meta":{"footnotes":""},"class_list":["post-43830","page","type-page","status-publish","hentry"],"acf":[],"yoast_head":"<!-- This site is optimized with the Yoast SEO plugin v22.2 - https:\/\/yoast.com\/wordpress\/plugins\/seo\/ -->\n<title>Termini e condizioni appartamenti<\/title>\n<meta name=\"description\" content=\"[vc_row height=&quot;small&quot;][vc_column width=&quot;1\/1&quot;][us_post_title tag=&quot;h1&quot;][\/vc_column][\/vc_row][vc_row height=&quot;small&quot;][vc_column width=&quot;1\/1&quot;][vc_column_text css=&quot;%7B%22default%22%3A%7B%22font-size%22%3A%2214px%22%7D%7D&quot;] La propriet\u00e0 dovr\u00e0 essere liberata entro e non oltre il giorno di fine contratto secondo l\u2019orario indicato sul booking confirmation. Per il\u00a0ritardo sull\u2019orario di riconsegna della propriet\u00e0\u00a0verranno addebitati 100 euro ,una tantum, +20 euro ogni ora o frazione di ora a compensazione della tariffa oraria degli addetti alle&hellip;\" \/>\n<meta name=\"robots\" content=\"index, follow, max-snippet:-1, max-image-preview:large, max-video-preview:-1\" \/>\n<link rel=\"canonical\" href=\"https:\/\/www.ibizappartamenti.it\/termini-e-condizioni-appartamenti\" \/>\n<meta property=\"og:locale\" content=\"en_US\" \/>\n<meta property=\"og:type\" content=\"article\" \/>\n<meta property=\"og:title\" content=\"Termini e condizioni appartamenti\" \/>\n<meta property=\"og:description\" content=\"[vc_row height=&quot;small&quot;][vc_column width=&quot;1\/1&quot;][us_post_title tag=&quot;h1&quot;][\/vc_column][\/vc_row][vc_row height=&quot;small&quot;][vc_column width=&quot;1\/1&quot;][vc_column_text css=&quot;%7B%22default%22%3A%7B%22font-size%22%3A%2214px%22%7D%7D&quot;] La propriet\u00e0 dovr\u00e0 essere liberata entro e non oltre il giorno di fine contratto secondo l\u2019orario indicato sul booking confirmation. Per il\u00a0ritardo sull\u2019orario di riconsegna della propriet\u00e0\u00a0verranno addebitati 100 euro ,una tantum, +20 euro ogni ora o frazione di ora a compensazione della tariffa oraria degli addetti alle&hellip;\" \/>\n<meta property=\"og:url\" content=\"https:\/\/www.ibizappartamenti.it\/termini-e-condizioni-appartamenti\" \/>\n<meta property=\"og:site_name\" content=\"Ibizappartamenti.it\" \/>\n<meta name=\"twitter:card\" content=\"summary_large_image\" \/>\n<script type=\"application\/ld+json\" class=\"yoast-schema-graph\">{\"@context\":\"https:\/\/schema.org\",\"@graph\":[{\"@type\":\"WebPage\",\"@id\":\"https:\/\/www.ibizappartamenti.it\/termini-e-condizioni-appartamenti\",\"url\":\"https:\/\/www.ibizappartamenti.it\/termini-e-condizioni-appartamenti\",\"name\":\"Termini e condizioni appartamenti - Ibizappartamenti.it\",\"isPartOf\":{\"@id\":\"https:\/\/www.ibizappartamenti.it\/#website\"},\"datePublished\":\"2023-05-29T10:18:14+00:00\",\"dateModified\":\"2023-05-29T10:18:14+00:00\",\"breadcrumb\":{\"@id\":\"https:\/\/www.ibizappartamenti.it\/termini-e-condizioni-appartamenti#breadcrumb\"},\"inLanguage\":\"en-US\",\"potentialAction\":[{\"@type\":\"ReadAction\",\"target\":[\"https:\/\/www.ibizappartamenti.it\/termini-e-condizioni-appartamenti\"]}]},{\"@type\":\"BreadcrumbList\",\"@id\":\"https:\/\/www.ibizappartamenti.it\/termini-e-condizioni-appartamenti#breadcrumb\",\"itemListElement\":[{\"@type\":\"ListItem\",\"position\":1,\"name\":\"Home\",\"item\":\"https:\/\/www.ibizappartamenti.it\/it\/\"},{\"@type\":\"ListItem\",\"position\":2,\"name\":\"Termini e condizioni appartamenti\"}]},{\"@type\":\"WebSite\",\"@id\":\"https:\/\/www.ibizappartamenti.it\/#website\",\"url\":\"https:\/\/www.ibizappartamenti.it\/\",\"name\":\"Ibizappartamenti.it\",\"description\":\"Ibiza Low Cost - The apartments ibiza to put at your disposal. Availability apartments in Ibiza\",\"potentialAction\":[{\"@type\":\"SearchAction\",\"target\":{\"@type\":\"EntryPoint\",\"urlTemplate\":\"https:\/\/www.ibizappartamenti.it\/?s={search_term_string}\"},\"query-input\":\"required name=search_term_string\"}],\"inLanguage\":\"en-US\"}]}<\/script>\n<!-- \/ Yoast SEO plugin. -->","yoast_head_json":{"title":"Termini e condizioni appartamenti","description":"[vc_row height=\"small\"][vc_column width=\"1\/1\"][us_post_title tag=\"h1\"][\/vc_column][\/vc_row][vc_row height=\"small\"][vc_column width=\"1\/1\"][vc_column_text css=\"%7B%22default%22%3A%7B%22font-size%22%3A%2214px%22%7D%7D\"] La propriet\u00e0 dovr\u00e0 essere liberata entro e non oltre il giorno di fine contratto secondo l\u2019orario indicato sul booking confirmation. Per il\u00a0ritardo sull\u2019orario di riconsegna della propriet\u00e0\u00a0verranno addebitati 100 euro ,una tantum, +20 euro ogni ora o frazione di ora a compensazione della tariffa oraria degli addetti alle&hellip;","robots":{"index":"index","follow":"follow","max-snippet":"max-snippet:-1","max-image-preview":"max-image-preview:large","max-video-preview":"max-video-preview:-1"},"canonical":"https:\/\/www.ibizappartamenti.it\/termini-e-condizioni-appartamenti","og_locale":"en_US","og_type":"article","og_title":"Termini e condizioni appartamenti","og_description":"[vc_row height=\"small\"][vc_column width=\"1\/1\"][us_post_title tag=\"h1\"][\/vc_column][\/vc_row][vc_row height=\"small\"][vc_column width=\"1\/1\"][vc_column_text css=\"%7B%22default%22%3A%7B%22font-size%22%3A%2214px%22%7D%7D\"] La propriet\u00e0 dovr\u00e0 essere liberata entro e non oltre il giorno di fine contratto secondo l\u2019orario indicato sul booking confirmation. Per il\u00a0ritardo sull\u2019orario di riconsegna della propriet\u00e0\u00a0verranno addebitati 100 euro ,una tantum, +20 euro ogni ora o frazione di ora a compensazione della tariffa oraria degli addetti alle&hellip;","og_url":"https:\/\/www.ibizappartamenti.it\/termini-e-condizioni-appartamenti","og_site_name":"Ibizappartamenti.it","twitter_card":"summary_large_image","schema":{"@context":"https:\/\/schema.org","@graph":[{"@type":"WebPage","@id":"https:\/\/www.ibizappartamenti.it\/termini-e-condizioni-appartamenti","url":"https:\/\/www.ibizappartamenti.it\/termini-e-condizioni-appartamenti","name":"Termini e condizioni appartamenti - Ibizappartamenti.it","isPartOf":{"@id":"https:\/\/www.ibizappartamenti.it\/#website"},"datePublished":"2023-05-29T10:18:14+00:00","dateModified":"2023-05-29T10:18:14+00:00","breadcrumb":{"@id":"https:\/\/www.ibizappartamenti.it\/termini-e-condizioni-appartamenti#breadcrumb"},"inLanguage":"en-US","potentialAction":[{"@type":"ReadAction","target":["https:\/\/www.ibizappartamenti.it\/termini-e-condizioni-appartamenti"]}]},{"@type":"BreadcrumbList","@id":"https:\/\/www.ibizappartamenti.it\/termini-e-condizioni-appartamenti#breadcrumb","itemListElement":[{"@type":"ListItem","position":1,"name":"Home","item":"https:\/\/www.ibizappartamenti.it\/it\/"},{"@type":"ListItem","position":2,"name":"Termini e condizioni appartamenti"}]},{"@type":"WebSite","@id":"https:\/\/www.ibizappartamenti.it\/#website","url":"https:\/\/www.ibizappartamenti.it\/","name":"Ibizappartamenti.it","description":"Ibiza Low Cost - The apartments ibiza to put at your disposal. Availability apartments in Ibiza","potentialAction":[{"@type":"SearchAction","target":{"@type":"EntryPoint","urlTemplate":"https:\/\/www.ibizappartamenti.it\/?s={search_term_string}"},"query-input":"required name=search_term_string"}],"inLanguage":"en-US"}]}},"_links":{"self":[{"href":"https:\/\/www.ibizappartamenti.it\/wp-json\/wp\/v2\/pages\/43830","targetHints":{"allow":["GET"]}}],"collection":[{"href":"https:\/\/www.ibizappartamenti.it\/wp-json\/wp\/v2\/pages"}],"about":[{"href":"https:\/\/www.ibizappartamenti.it\/wp-json\/wp\/v2\/types\/page"}],"author":[{"embeddable":true,"href":"https:\/\/www.ibizappartamenti.it\/wp-json\/wp\/v2\/users\/1"}],"replies":[{"embeddable":true,"href":"https:\/\/www.ibizappartamenti.it\/wp-json\/wp\/v2\/comments?post=43830"}],"version-history":[{"count":1,"href":"https:\/\/www.ibizappartamenti.it\/wp-json\/wp\/v2\/pages\/43830\/revisions"}],"predecessor-version":[{"id":43831,"href":"https:\/\/www.ibizappartamenti.it\/wp-json\/wp\/v2\/pages\/43830\/revisions\/43831"}],"wp:attachment":[{"href":"https:\/\/www.ibizappartamenti.it\/wp-json\/wp\/v2\/media?parent=43830"}],"curies":[{"name":"wp","href":"https:\/\/api.w.org\/{rel}","templated":true}]}}